{"id":2081,"date":"2025-09-27T19:01:38","date_gmt":"2025-09-27T19:01:38","guid":{"rendered":"https:\/\/pprifas.com\/index.php\/producto\/honda-navi-sep-pp091\/"},"modified":"2025-09-27T19:01:38","modified_gmt":"2025-09-27T19:01:38","slug":"honda-navi-sep-pp091","status":"publish","type":"product","link":"https:\/\/pprifas.com\/index.php\/producto\/honda-navi-sep-pp091\/","title":{"rendered":"Honda Navi Sep # PP091"},"content":{"rendered":"","protected":false},"excerpt":{"rendered":"<p>\ud83c\udf9f\ufe0f Boleto de Rifa \u2013 Sorteo 15 de Septiembre 2025<\/p>\n<p>Participa en nuestro emocionante sorteo y no te pierdas la oportunidad de ganar $2,500 en efectivo.<\/p>\n<p>\ud83d\udcc5 Fecha del sorteo: 15 de septiembre de 2025<br \/>\n\ud83c\udfb0 Din\u00e1mica: El n\u00famero ganador ser\u00e1 elegido con base en el resultado de la Loter\u00eda Nacional.<br \/>\n\ud83d\udcfa Transmisi\u00f3n: En vivo a trav\u00e9s de nuestra p\u00e1gina oficial de Facebook, para asegurar transparencia y confianza en todo el proceso.<\/p>\n<p>\ud83d\udc49 Cada boleto representa una oportunidad \u00fanica de ganar. Entre m\u00e1s boletos compres, mayores ser\u00e1n tus posibilidades de llevarte el premio.<\/p>\n<p>\u26a0\ufe0f Importante:<\/p>\n<p>Solo participan los boletos comprados y confirmados antes del d\u00eda del sorteo.<\/p>\n<p>El boleto ganador ser\u00e1 validado contra el comprobante de compra.<\/p>\n<p>Una vez adquirido, tu n\u00famero quedar\u00e1 registrado a tu nombre.<\/p>\n<p>\ud83d\udcb8 \u00a1Compra tu boleto hoy y celebra la independencia ganando en grande este 15 de septiembre!<\/p>\n","protected":false},"featured_media":1656,"comment_status":"open","ping_status":"closed","template":"","meta":{"_joinchat":[]},"product_brand":[],"product_cat":[29],"product_tag":[],"class_list":{"0":"post-2081","1":"product","2":"type-product","3":"status-publish","4":"has-post-thumbnail","6":"product_cat-sorteo-moto-navi","8":"first","9":"instock","10":"shipping-taxable","11":"purchasable","12":"product-type-simple"},"_links":{"self":[{"href":"https:\/\/pprifas.com\/index.php\/wp-json\/wp\/v2\/product\/2081","targetHints":{"allow":["GET"]}}],"collection":[{"href":"https:\/\/pprifas.com\/index.php\/wp-json\/wp\/v2\/product"}],"about":[{"href":"https:\/\/pprifas.com\/index.php\/wp-json\/wp\/v2\/types\/product"}],"replies":[{"embeddable":true,"href":"https:\/\/pprifas.com\/index.php\/wp-json\/wp\/v2\/comments?post=2081"}],"wp:featuredmedia":[{"embeddable":true,"href":"https:\/\/pprifas.com\/index.php\/wp-json\/wp\/v2\/media\/1656"}],"wp:attachment":[{"href":"https:\/\/pprifas.com\/index.php\/wp-json\/wp\/v2\/media?parent=2081"}],"wp:term":[{"taxonomy":"product_brand","embeddable":true,"href":"https:\/\/pprifas.com\/index.php\/wp-json\/wp\/v2\/product_brand?post=2081"},{"taxonomy":"product_cat","embeddable":true,"href":"https:\/\/pprifas.com\/index.php\/wp-json\/wp\/v2\/product_cat?post=2081"},{"taxonomy":"product_tag","embeddable":true,"href":"https:\/\/pprifas.com\/index.php\/wp-json\/wp\/v2\/product_tag?post=2081"}],"curies":[{"name":"wp","href":"https:\/\/api.w.org\/{rel}","templated":true}]}}